{"id":1939,"date":"2016-06-10T10:02:22","date_gmt":"2016-06-10T10:02:22","guid":{"rendered":"http:\/\/demo.goodlayers.com\/infinite\/?page_id=1939"},"modified":"2024-05-30T15:48:21","modified_gmt":"2024-05-30T13:48:21","slug":"om-davvi-vindpark","status":"publish","type":"page","link":"https:\/\/www.davvivindpark.no\/en\/om-davvi-vindpark\/","title":{"rendered":"Hva er Davvi vindpark"},"content":{"rendered":"","protected":false},"excerpt":{"rendered":"","protected":false},"author":16,"featured_media":0,"parent":0,"menu_order":0,"comment_status":"closed","ping_status":"closed","template":"","meta":{"_acf_changed":false,"footnotes":""},"class_list":["post-1939","page","type-page","status-publish","hentry"],"yoast_head":"<!-- This site is optimized with the Yoast SEO Premium plugin v22.7 (Yoast SEO v27.4) - https:\/\/yoast.com\/product\/yoast-seo-premium-wordpress\/ -->\n<title>Hva er Davvi vindpark - Davvi Vindpark<\/title>\n<meta name=\"description\" content=\"Utforsk Davvi vindpark og l\u00e6r om omr\u00e5det og konsesjonen. Les om de gode vindressursene og den lave artsmangfoldet i dette fjellomr\u00e5det.\" \/>\n<meta name=\"robots\" content=\"index, follow, max-snippet:-1, max-image-preview:large, max-video-preview:-1\" \/>\n<link rel=\"canonical\" href=\"https:\/\/www.davvivindpark.no\/en\/om-davvi-vindpark\/\" \/>\n<meta property=\"og:locale\" content=\"en_GB\" \/>\n<meta property=\"og:type\" content=\"article\" \/>\n<meta property=\"og:title\" content=\"Hva er Davvi vindpark\" \/>\n<meta property=\"og:description\" content=\"Davvi vindpark - Et b\u00e6rekraftig vindkraftverk for fornybar energi i Finnmark. L\u00e6r mer om prosjektet her.\" \/>\n<meta property=\"og:url\" content=\"https:\/\/www.davvivindpark.no\/en\/om-davvi-vindpark\/\" \/>\n<meta property=\"og:site_name\" content=\"Davvi Vindpark\" \/>\n<meta property=\"article:modified_time\" content=\"2024-05-30T13:48:21+00:00\" \/>\n<meta property=\"og:image\" content=\"https:\/\/i0.wp.com\/www.davvivindpark.no\/wp-content\/uploads\/2022\/09\/nordlys-over-kjollefjord-per-jorgen_optimized.jpg?fit=1400%2C789&ssl=1\" \/>\n\t<meta property=\"og:image:width\" content=\"1400\" \/>\n\t<meta property=\"og:image:height\" content=\"789\" \/>\n\t<meta property=\"og:image:type\" content=\"image\/jpeg\" \/>\n<meta name=\"twitter:card\" content=\"summary_large_image\" \/>\n<meta name=\"twitter:label1\" content=\"Estimated reading time\" \/>\n\t<meta name=\"twitter:data1\" content=\"4 minutes\" \/>\n<script type=\"application\/ld+json\" class=\"yoast-schema-graph\">{\"@context\":\"https:\\\/\\\/schema.org\",\"@graph\":[{\"@type\":\"WebPage\",\"@id\":\"https:\\\/\\\/www.davvivindpark.no\\\/om-davvi-vindpark\\\/\",\"url\":\"https:\\\/\\\/www.davvivindpark.no\\\/om-davvi-vindpark\\\/\",\"name\":\"Hva er Davvi vindpark - Davvi Vindpark\",\"isPartOf\":{\"@id\":\"https:\\\/\\\/www.davvivindpark.no\\\/#website\"},\"datePublished\":\"2016-06-10T10:02:22+00:00\",\"dateModified\":\"2024-05-30T13:48:21+00:00\",\"description\":\"Utforsk Davvi vindpark og l\u00e6r om omr\u00e5det og konsesjonen. Les om de gode vindressursene og den lave artsmangfoldet i dette fjellomr\u00e5det.\",\"breadcrumb\":{\"@id\":\"https:\\\/\\\/www.davvivindpark.no\\\/om-davvi-vindpark\\\/#breadcrumb\"},\"inLanguage\":\"en-GB\",\"potentialAction\":[{\"@type\":\"ReadAction\",\"target\":[\"https:\\\/\\\/www.davvivindpark.no\\\/om-davvi-vindpark\\\/\"]}]},{\"@type\":\"BreadcrumbList\",\"@id\":\"https:\\\/\\\/www.davvivindpark.no\\\/om-davvi-vindpark\\\/#breadcrumb\",\"itemListElement\":[{\"@type\":\"ListItem\",\"position\":1,\"name\":\"Davvi vindpark\",\"item\":\"https:\\\/\\\/www.davvivindpark.no\\\/\"},{\"@type\":\"ListItem\",\"position\":2,\"name\":\"Hva er Davvi vindpark\"}]},{\"@type\":\"WebSite\",\"@id\":\"https:\\\/\\\/www.davvivindpark.no\\\/#website\",\"url\":\"https:\\\/\\\/www.davvivindpark.no\\\/\",\"name\":\"davvivindpark.no\",\"description\":\"Nasjonale endringer starter lokalt\",\"publisher\":{\"@id\":\"https:\\\/\\\/www.davvivindpark.no\\\/#organization\"},\"potentialAction\":[{\"@type\":\"SearchAction\",\"target\":{\"@type\":\"EntryPoint\",\"urlTemplate\":\"https:\\\/\\\/www.davvivindpark.no\\\/?s={search_term_string}\"},\"query-input\":{\"@type\":\"PropertyValueSpecification\",\"valueRequired\":true,\"valueName\":\"search_term_string\"}}],\"inLanguage\":\"en-GB\"},{\"@type\":\"Organization\",\"@id\":\"https:\\\/\\\/www.davvivindpark.no\\\/#organization\",\"name\":\"davvivindpark.no\",\"url\":\"https:\\\/\\\/www.davvivindpark.no\\\/\",\"logo\":{\"@type\":\"ImageObject\",\"inLanguage\":\"en-GB\",\"@id\":\"https:\\\/\\\/www.davvivindpark.no\\\/#\\\/schema\\\/logo\\\/image\\\/\",\"url\":\"https:\\\/\\\/i0.wp.com\\\/www.davvivindpark.no\\\/wp-content\\\/uploads\\\/2022\\\/09\\\/logo.png?fit=694%2C351&ssl=1\",\"contentUrl\":\"https:\\\/\\\/i0.wp.com\\\/www.davvivindpark.no\\\/wp-content\\\/uploads\\\/2022\\\/09\\\/logo.png?fit=694%2C351&ssl=1\",\"width\":694,\"height\":351,\"caption\":\"davvivindpark.no\"},\"image\":{\"@id\":\"https:\\\/\\\/www.davvivindpark.no\\\/#\\\/schema\\\/logo\\\/image\\\/\"},\"ownershipFundingInfo\":\"https:\\\/\\\/www.davvivindpark.no\\\/kontakt-oss\\\/\"}]}<\/script>\n<!-- \/ Yoast SEO Premium plugin. -->","yoast_head_json":{"title":"Hva er Davvi vindpark - Davvi Vindpark","description":"Utforsk Davvi vindpark og l\u00e6r om omr\u00e5det og konsesjonen. Les om de gode vindressursene og den lave artsmangfoldet i dette fjellomr\u00e5det.","robots":{"index":"index","follow":"follow","max-snippet":"max-snippet:-1","max-image-preview":"max-image-preview:large","max-video-preview":"max-video-preview:-1"},"canonical":"https:\/\/www.davvivindpark.no\/en\/om-davvi-vindpark\/","og_locale":"en_GB","og_type":"article","og_title":"Hva er Davvi vindpark","og_description":"Davvi vindpark - Et b\u00e6rekraftig vindkraftverk for fornybar energi i Finnmark. L\u00e6r mer om prosjektet her.","og_url":"https:\/\/www.davvivindpark.no\/en\/om-davvi-vindpark\/","og_site_name":"Davvi Vindpark","article_modified_time":"2024-05-30T13:48:21+00:00","og_image":[{"width":1400,"height":789,"url":"https:\/\/i0.wp.com\/www.davvivindpark.no\/wp-content\/uploads\/2022\/09\/nordlys-over-kjollefjord-per-jorgen_optimized.jpg?fit=1400%2C789&ssl=1","type":"image\/jpeg"}],"twitter_card":"summary_large_image","twitter_misc":{"Estimated reading time":"4 minutes"},"schema":{"@context":"https:\/\/schema.org","@graph":[{"@type":"WebPage","@id":"https:\/\/www.davvivindpark.no\/om-davvi-vindpark\/","url":"https:\/\/www.davvivindpark.no\/om-davvi-vindpark\/","name":"Hva er Davvi vindpark - Davvi Vindpark","isPartOf":{"@id":"https:\/\/www.davvivindpark.no\/#website"},"datePublished":"2016-06-10T10:02:22+00:00","dateModified":"2024-05-30T13:48:21+00:00","description":"Utforsk Davvi vindpark og l\u00e6r om omr\u00e5det og konsesjonen. Les om de gode vindressursene og den lave artsmangfoldet i dette fjellomr\u00e5det.","breadcrumb":{"@id":"https:\/\/www.davvivindpark.no\/om-davvi-vindpark\/#breadcrumb"},"inLanguage":"en-GB","potentialAction":[{"@type":"ReadAction","target":["https:\/\/www.davvivindpark.no\/om-davvi-vindpark\/"]}]},{"@type":"BreadcrumbList","@id":"https:\/\/www.davvivindpark.no\/om-davvi-vindpark\/#breadcrumb","itemListElement":[{"@type":"ListItem","position":1,"name":"Davvi vindpark","item":"https:\/\/www.davvivindpark.no\/"},{"@type":"ListItem","position":2,"name":"Hva er Davvi vindpark"}]},{"@type":"WebSite","@id":"https:\/\/www.davvivindpark.no\/#website","url":"https:\/\/www.davvivindpark.no\/","name":"davvivindpark.no","description":"Nasjonale endringer starter lokalt","publisher":{"@id":"https:\/\/www.davvivindpark.no\/#organization"},"potentialAction":[{"@type":"SearchAction","target":{"@type":"EntryPoint","urlTemplate":"https:\/\/www.davvivindpark.no\/?s={search_term_string}"},"query-input":{"@type":"PropertyValueSpecification","valueRequired":true,"valueName":"search_term_string"}}],"inLanguage":"en-GB"},{"@type":"Organization","@id":"https:\/\/www.davvivindpark.no\/#organization","name":"davvivindpark.no","url":"https:\/\/www.davvivindpark.no\/","logo":{"@type":"ImageObject","inLanguage":"en-GB","@id":"https:\/\/www.davvivindpark.no\/#\/schema\/logo\/image\/","url":"https:\/\/i0.wp.com\/www.davvivindpark.no\/wp-content\/uploads\/2022\/09\/logo.png?fit=694%2C351&ssl=1","contentUrl":"https:\/\/i0.wp.com\/www.davvivindpark.no\/wp-content\/uploads\/2022\/09\/logo.png?fit=694%2C351&ssl=1","width":694,"height":351,"caption":"davvivindpark.no"},"image":{"@id":"https:\/\/www.davvivindpark.no\/#\/schema\/logo\/image\/"},"ownershipFundingInfo":"https:\/\/www.davvivindpark.no\/kontakt-oss\/"}]}},"acf":[],"jetpack_sharing_enabled":true,"_links":{"self":[{"href":"https:\/\/www.davvivindpark.no\/en\/wp-json\/wp\/v2\/pages\/1939","targetHints":{"allow":["GET"]}}],"collection":[{"href":"https:\/\/www.davvivindpark.no\/en\/wp-json\/wp\/v2\/pages"}],"about":[{"href":"https:\/\/www.davvivindpark.no\/en\/wp-json\/wp\/v2\/types\/page"}],"author":[{"embeddable":true,"href":"https:\/\/www.davvivindpark.no\/en\/wp-json\/wp\/v2\/users\/16"}],"replies":[{"embeddable":true,"href":"https:\/\/www.davvivindpark.no\/en\/wp-json\/wp\/v2\/comments?post=1939"}],"version-history":[{"count":5,"href":"https:\/\/www.davvivindpark.no\/en\/wp-json\/wp\/v2\/pages\/1939\/revisions"}],"predecessor-version":[{"id":5521,"href":"https:\/\/www.davvivindpark.no\/en\/wp-json\/wp\/v2\/pages\/1939\/revisions\/5521"}],"wp:attachment":[{"href":"https:\/\/www.davvivindpark.no\/en\/wp-json\/wp\/v2\/media?parent=1939"}],"curies":[{"name":"wp","href":"https:\/\/api.w.org\/{rel}","templated":true}]}}